{"id":1255,"date":"2022-11-30T09:12:52","date_gmt":"2022-11-30T08:12:52","guid":{"rendered":"https:\/\/auterifruit.it\/arance-siciliane\/"},"modified":"2022-12-21T12:04:51","modified_gmt":"2022-12-21T11:04:51","slug":"oranges-siciliennes","status":"publish","type":"page","link":"https:\/\/auterifruit.it\/fr\/oranges-siciliennes\/","title":{"rendered":"Oranges siciliennes"},"content":{"rendered":"<p><div class=\"fusion-fullwidth fullwidth-box fusion-builder-row-1 fusion-flex-container has-pattern-background has-mask-background fusion-parallax-none hundred-percent-fullwidth non-hundred-percent-height-scrolling\" style=\"--awb-background-blend-mode:overlay;--awb-border-radius-top-left:0px;--awb-border-radius-top-right:0px;--awb-border-radius-bottom-right:0px;--awb-border-radius-bottom-left:0px;--awb-padding-top:120px;--awb-padding-right:0px;--awb-padding-bottom:120px;--awb-padding-left:0px;--awb-background-color:rgba(33,35,38,0.35);--awb-background-image:url(&quot;https:\/\/auterifruit.it\/wp-content\/uploads\/2022\/11\/Arance-di-sicilia-min.jpg&quot;);--awb-background-size:cover;--awb-flex-wrap:wrap;\" ><div class=\"fusion-builder-row fusion-row fusion-flex-align-items-flex-start fusion-flex-content-wrap\" style=\"width:104% !important;max-width:104% !important;margin-left: calc(-4% \/ 2 );margin-right: calc(-4% \/ 2 );\"><div class=\"fusion-layout-column fusion_builder_column fusion-builder-column-0 fusion_builder_column_1_1 1_1 fusion-flex-column\" style=\"--awb-bg-size:cover;--awb-width-large:100%;--awb-margin-top-large:0px;--awb-spacing-right-large:1.92%;--awb-margin-bottom-large:20px;--awb-spacing-left-large:1.92%;--awb-width-medium:100%;--awb-order-medium:0;--awb-spacing-right-medium:1.92%;--awb-spacing-left-medium:1.92%;--awb-width-small:100%;--awb-order-small:0;--awb-spacing-right-small:1.92%;--awb-spacing-left-small:1.92%;\"><div class=\"fusion-column-wrapper fusion-column-has-shadow fusion-flex-justify-content-flex-start fusion-content-layout-column\"><div class=\"fusion-image-element \" style=\"text-align:center;--awb-max-width:150px;--awb-caption-title-font-family:var(--h2_typography-font-family);--awb-caption-title-font-weight:var(--h2_typography-font-weight);--awb-caption-title-font-style:var(--h2_typography-font-style);--awb-caption-title-size:var(--h2_typography-font-size);--awb-caption-title-transform:var(--h2_typography-text-transform);--awb-caption-title-line-height:var(--h2_typography-line-height);--awb-caption-title-letter-spacing:var(--h2_typography-letter-spacing);\"><span class=\" fusion-imageframe imageframe-none imageframe-1 hover-type-none\"><img decoding=\"async\" width=\"653\" height=\"563\" src=\"https:\/\/auterifruit.it\/wp-content\/uploads\/2022\/11\/100-coltivato-in-sicilia-min.png\" alt class=\"img-responsive wp-image-804\"\/><\/span><\/div><div class=\"fusion-title title fusion-title-1 fusion-sep-none fusion-title-center fusion-title-text fusion-title-size-one\" style=\"--awb-text-color:#ffffff;--awb-margin-top-small:10px;--awb-margin-right-small:0px;--awb-margin-bottom-small:10px;--awb-margin-left-small:0px;\"><h1 class=\"fusion-title-heading title-heading-center fusion-responsive-typography-calculated\" style=\"margin:0;--fontSize:50;line-height:var(--awb-typography1-line-height);\">Oranges siciliennes<\/h1><\/div><\/div><\/div><\/div><\/div><div class=\"fusion-fullwidth fullwidth-box fusion-builder-row-2 fusion-flex-container has-pattern-background has-mask-background nonhundred-percent-fullwidth non-hundred-percent-height-scrolling\" style=\"--awb-border-radius-top-left:0px;--awb-border-radius-top-right:0px;--awb-border-radius-bottom-right:0px;--awb-border-radius-bottom-left:0px;--awb-margin-top:90px;--awb-margin-bottom:45px;--awb-flex-wrap:wrap;\" ><div class=\"fusion-builder-row fusion-row fusion-flex-align-items-center fusion-flex-content-wrap\" style=\"max-width:1248px;margin-left: calc(-4% \/ 2 );margin-right: calc(-4% \/ 2 );\"><div class=\"fusion-layout-column fusion_builder_column fusion-builder-column-1 fusion_builder_column_1_2 1_2 fusion-flex-column\" style=\"--awb-bg-size:cover;--awb-width-large:50%;--awb-margin-top-large:0px;--awb-spacing-right-large:3.84%;--awb-margin-bottom-large:20px;--awb-spacing-left-large:3.84%;--awb-width-medium:100%;--awb-order-medium:0;--awb-spacing-right-medium:1.92%;--awb-spacing-left-medium:1.92%;--awb-width-small:100%;--awb-order-small:0;--awb-spacing-right-small:1.92%;--awb-spacing-left-small:1.92%;\"><div class=\"fusion-column-wrapper fusion-column-has-shadow fusion-flex-justify-content-flex-start fusion-content-layout-column\"><div class=\"fusion-title title fusion-title-2 fusion-sep-none fusion-title-center fusion-title-text fusion-title-size-two\" style=\"--awb-margin-top-small:10px;--awb-margin-right-small:0px;--awb-margin-bottom-small:10px;--awb-margin-left-small:0px;\"><h2 class=\"fusion-title-heading title-heading-center fusion-responsive-typography-calculated\" style=\"margin:0;--fontSize:50;line-height:var(--awb-typography1-line-height);\">La Sicile la plus savoureuse, \u00e0 presser ou \u00e0 go\u00fbter<\/h2><\/div><div class=\"fusion-text fusion-text-1\" style=\"--awb-content-alignment:center;\"><p>Des embl\u00e9matiques oranges sanguines, symbole de la saveur sicilienne dans le monde entier, aux d\u00e9licieuses oranges blondes et mandarines. D\u00e9couvrez les fruits du soleil sicilien, color\u00e9s par l&rsquo;Etna et cultiv\u00e9s avec passion dans nos champs.<\/p>\n<\/div><\/div><\/div><div class=\"fusion-layout-column fusion_builder_column fusion-builder-column-2 fusion_builder_column_1_2 1_2 fusion-flex-column\" style=\"--awb-bg-size:cover;--awb-width-large:50%;--awb-margin-top-large:0px;--awb-spacing-right-large:3.84%;--awb-margin-bottom-large:20px;--awb-spacing-left-large:3.84%;--awb-width-medium:100%;--awb-order-medium:0;--awb-spacing-right-medium:1.92%;--awb-spacing-left-medium:1.92%;--awb-width-small:100%;--awb-order-small:0;--awb-spacing-right-small:1.92%;--awb-spacing-left-small:1.92%;\"><div class=\"fusion-column-wrapper fusion-column-has-shadow fusion-flex-justify-content-flex-start fusion-content-layout-column\"><div class=\"fusion-image-element \" style=\"--awb-caption-title-font-family:var(--h2_typography-font-family);--awb-caption-title-font-weight:var(--h2_typography-font-weight);--awb-caption-title-font-style:var(--h2_typography-font-style);--awb-caption-title-size:var(--h2_typography-font-size);--awb-caption-title-transform:var(--h2_typography-text-transform);--awb-caption-title-line-height:var(--h2_typography-line-height);--awb-caption-title-letter-spacing:var(--h2_typography-letter-spacing);\"><span class=\" fusion-imageframe imageframe-none imageframe-2 hover-type-none\"><img decoding=\"async\" width=\"1200\" height=\"1035\" src=\"https:\/\/auterifruit.it\/wp-content\/uploads\/2022\/11\/arancia-rossa-min-1.jpg\" alt class=\"img-responsive wp-image-926\" srcset=\"https:\/\/auterifruit.it\/wp-content\/uploads\/2022\/11\/arancia-rossa-min-1-200x173.jpg 200w, https:\/\/auterifruit.it\/wp-content\/uploads\/2022\/11\/arancia-rossa-min-1-400x345.jpg 400w, https:\/\/auterifruit.it\/wp-content\/uploads\/2022\/11\/arancia-rossa-min-1-600x518.jpg 600w, https:\/\/auterifruit.it\/wp-content\/uploads\/2022\/11\/arancia-rossa-min-1-800x690.jpg 800w, https:\/\/auterifruit.it\/wp-content\/uploads\/2022\/11\/arancia-rossa-min-1.jpg 1200w\" sizes=\"(max-width: 640px) 100vw, 600px\" \/><\/span><\/div><\/div><\/div><\/div><\/div><div class=\"fusion-fullwidth fullwidth-box fusion-builder-row-3 fusion-flex-container has-pattern-background has-mask-background nonhundred-percent-fullwidth non-hundred-percent-height-scrolling\" style=\"--awb-border-radius-top-left:0px;--awb-border-radius-top-right:0px;--awb-border-radius-bottom-right:0px;--awb-border-radius-bottom-left:0px;--awb-margin-top:45px;--awb-margin-bottom:40px;--awb-flex-wrap:wrap;\" ><div class=\"fusion-builder-row fusion-row fusion-flex-align-items-flex-start fusion-flex-content-wrap\" style=\"max-width:1248px;margin-left: calc(-4% \/ 2 );margin-right: calc(-4% \/ 2 );\"><div class=\"fusion-layout-column fusion_builder_column fusion-builder-column-3 fusion_builder_column_1_1 1_1 fusion-flex-column\" style=\"--awb-bg-size:cover;--awb-width-large:100%;--awb-margin-top-large:0px;--awb-spacing-right-large:1.92%;--awb-margin-bottom-large:20px;--awb-spacing-left-large:1.92%;--awb-width-medium:100%;--awb-order-medium:0;--awb-spacing-right-medium:1.92%;--awb-spacing-left-medium:1.92%;--awb-width-small:100%;--awb-order-small:0;--awb-spacing-right-small:1.92%;--awb-spacing-left-small:1.92%;\"><div class=\"fusion-column-wrapper fusion-column-has-shadow fusion-flex-justify-content-flex-start fusion-content-layout-column\"><div class=\"fusion-title title fusion-title-3 fusion-sep-none fusion-title-center fusion-title-text fusion-title-size-three\" style=\"--awb-margin-top-small:10px;--awb-margin-right-small:0px;--awb-margin-bottom-small:10px;--awb-margin-left-small:0px;\"><h3 class=\"fusion-title-heading title-heading-center fusion-responsive-typography-calculated\" style=\"margin:0;--fontSize:50;line-height:var(--awb-typography1-line-height);\">Rousses ou blondes ?<br \/>\nChoisissez la couleur de votre choix<\/h3><\/div><div class=\"fusion-text fusion-text-2\" style=\"--awb-content-alignment:center;\"><p>Saveurs intenses et ar\u00f4mes plus d\u00e9licats. Peau caract\u00e9ristique et pulpe parfum\u00e9e. Chaque orange a sa propre personnalit\u00e9 : il y a celles que les enfants aiment, celles qui sont parfaites pour \u00eatre press\u00e9es, celles qui sont polyvalentes en cuisine, toutes d\u00e9licieuses \u00e0 tous points de vue.<\/p>\n<\/div><\/div><\/div><\/div><\/div><div class=\"fusion-fullwidth fullwidth-box fusion-builder-row-4 fusion-flex-container has-pattern-background has-mask-background nonhundred-percent-fullwidth non-hundred-percent-height-scrolling\" style=\"--awb-border-radius-top-left:0px;--awb-border-radius-top-right:0px;--awb-border-radius-bottom-right:0px;--awb-border-radius-bottom-left:0px;--awb-flex-wrap:wrap;\" ><div class=\"fusion-builder-row fusion-row fusion-flex-align-items-stretch fusion-flex-content-wrap\" style=\"max-width:1248px;margin-left: calc(-4% \/ 2 );margin-right: calc(-4% \/ 2 );\"><div class=\"fusion-layout-column fusion_builder_column fusion-builder-column-4 fusion_builder_column_1_2 1_2 fusion-flex-column\" style=\"--awb-padding-top:30px;--awb-padding-right:30px;--awb-padding-bottom:30px;--awb-padding-left:30px;--awb-bg-color:rgba(33,35,38,0.5);--awb-bg-color-hover:rgba(33,35,38,0.5);--awb-bg-image:url(&#039;https:\/\/auterifruit.it\/wp-content\/uploads\/2022\/11\/arancia-rossa-min.jpeg&#039;);--awb-bg-position:center center;--awb-bg-blend:overlay;--awb-bg-size:cover;--awb-width-large:50%;--awb-margin-top-large:0px;--awb-spacing-right-large:3.84%;--awb-margin-bottom-large:40px;--awb-spacing-left-large:3.84%;--awb-width-medium:50%;--awb-order-medium:0;--awb-spacing-right-medium:3.84%;--awb-spacing-left-medium:3.84%;--awb-width-small:100%;--awb-order-small:0;--awb-spacing-right-small:1.92%;--awb-spacing-left-small:1.92%;\"><div class=\"fusion-column-wrapper fusion-column-has-shadow fusion-flex-justify-content-flex-start fusion-content-layout-column fusion-column-has-bg-image\" data-bg-url=\"https:\/\/auterifruit.it\/wp-content\/uploads\/2022\/11\/arancia-rossa-min.jpeg\"><div class=\"fusion-image-element \" style=\"text-align:center;--awb-max-width:80px;--awb-caption-title-font-family:var(--h2_typography-font-family);--awb-caption-title-font-weight:var(--h2_typography-font-weight);--awb-caption-title-font-style:var(--h2_typography-font-style);--awb-caption-title-size:var(--h2_typography-font-size);--awb-caption-title-transform:var(--h2_typography-text-transform);--awb-caption-title-line-height:var(--h2_typography-line-height);--awb-caption-title-letter-spacing:var(--h2_typography-letter-spacing);\"><span class=\" fusion-imageframe imageframe-none imageframe-3 hover-type-none\"><img decoding=\"async\" width=\"512\" height=\"512\" src=\"https:\/\/auterifruit.it\/wp-content\/uploads\/2022\/11\/0002_Arance-1.png\" alt class=\"img-responsive wp-image-904\" srcset=\"https:\/\/auterifruit.it\/wp-content\/uploads\/2022\/11\/0002_Arance-1-200x200.png 200w, https:\/\/auterifruit.it\/wp-content\/uploads\/2022\/11\/0002_Arance-1-400x400.png 400w, https:\/\/auterifruit.it\/wp-content\/uploads\/2022\/11\/0002_Arance-1.png 512w\" sizes=\"(max-width: 640px) 100vw, 512px\" \/><\/span><\/div><div class=\"fusion-title title fusion-title-4 fusion-sep-none fusion-title-center fusion-title-text fusion-title-size-three\" style=\"--awb-text-color:#ffffff;--awb-margin-top-small:10px;--awb-margin-right-small:0px;--awb-margin-bottom-small:10px;--awb-margin-left-small:0px;\"><h3 class=\"fusion-title-heading title-heading-center fusion-responsive-typography-calculated\" style=\"margin:0;--fontSize:50;line-height:var(--awb-typography1-line-height);\">Les rouges<\/h3><\/div><div class=\"fusion-text fusion-text-3\" style=\"--awb-content-alignment:center;--awb-text-color:#ffffff;\"><p>Tarocco Lempso, Tarocco Ippolito et Tarocco Rosso VCR, Sanguinello, Moro, Tarocco Gallo, Tarocco Meli, Tarocco Sciara, Nocellare tdv, Sant&rsquo;Alfio, Clementino Tacle<\/p>\n<\/div><\/div><\/div><div class=\"fusion-layout-column fusion_builder_column fusion-builder-column-5 fusion_builder_column_1_2 1_2 fusion-flex-column\" style=\"--awb-padding-top:30px;--awb-padding-right:30px;--awb-padding-bottom:30px;--awb-padding-left:30px;--awb-bg-color:rgba(33,35,38,0.5);--awb-bg-color-hover:rgba(33,35,38,0.5);--awb-bg-image:url(&#039;https:\/\/auterifruit.it\/wp-content\/uploads\/2022\/12\/arance-bionde.jpg&#039;);--awb-bg-position:center center;--awb-bg-blend:overlay;--awb-bg-size:cover;--awb-width-large:50%;--awb-margin-top-large:0px;--awb-spacing-right-large:3.84%;--awb-margin-bottom-large:40px;--awb-spacing-left-large:3.84%;--awb-width-medium:50%;--awb-order-medium:0;--awb-spacing-right-medium:3.84%;--awb-spacing-left-medium:3.84%;--awb-width-small:100%;--awb-order-small:0;--awb-spacing-right-small:1.92%;--awb-spacing-left-small:1.92%;\"><div class=\"fusion-column-wrapper fusion-column-has-shadow fusion-flex-justify-content-flex-start fusion-content-layout-column fusion-column-has-bg-image\" data-bg-url=\"https:\/\/auterifruit.it\/wp-content\/uploads\/2022\/12\/arance-bionde.jpg\"><div class=\"fusion-image-element \" style=\"text-align:center;--awb-max-width:80px;--awb-caption-title-font-family:var(--h2_typography-font-family);--awb-caption-title-font-weight:var(--h2_typography-font-weight);--awb-caption-title-font-style:var(--h2_typography-font-style);--awb-caption-title-size:var(--h2_typography-font-size);--awb-caption-title-transform:var(--h2_typography-text-transform);--awb-caption-title-line-height:var(--h2_typography-line-height);--awb-caption-title-letter-spacing:var(--h2_typography-letter-spacing);\"><span class=\" fusion-imageframe imageframe-none imageframe-4 hover-type-none\"><img decoding=\"async\" width=\"512\" height=\"512\" src=\"https:\/\/auterifruit.it\/wp-content\/uploads\/2022\/11\/0001_Arance-2.png\" alt class=\"img-responsive wp-image-906\" srcset=\"https:\/\/auterifruit.it\/wp-content\/uploads\/2022\/11\/0001_Arance-2-200x200.png 200w, https:\/\/auterifruit.it\/wp-content\/uploads\/2022\/11\/0001_Arance-2-400x400.png 400w, https:\/\/auterifruit.it\/wp-content\/uploads\/2022\/11\/0001_Arance-2.png 512w\" sizes=\"(max-width: 640px) 100vw, 512px\" \/><\/span><\/div><div class=\"fusion-title title fusion-title-5 fusion-sep-none fusion-title-center fusion-title-text fusion-title-size-three\" style=\"--awb-text-color:#ffffff;--awb-margin-top-small:10px;--awb-margin-right-small:0px;--awb-margin-bottom-small:10px;--awb-margin-left-small:0px;\"><h3 class=\"fusion-title-heading title-heading-center fusion-responsive-typography-calculated\" style=\"margin:0;--fontSize:50;line-height:var(--awb-typography1-line-height);\">Blondes<\/h3><\/div><div class=\"fusion-text fusion-text-4\" style=\"--awb-content-alignment:center;--awb-text-color:#ffffff;\"><p>Navel, Lanelate, Valencia, Mandarine, Cl\u00e9mentine, Nova<\/p>\n<\/div><\/div><\/div><\/div><\/div><div class=\"fusion-fullwidth fullwidth-box fusion-builder-row-5 fusion-flex-container has-pattern-background has-mask-background nonhundred-percent-fullwidth non-hundred-percent-height-scrolling\" style=\"--awb-border-radius-top-left:0px;--awb-border-radius-top-right:0px;--awb-border-radius-bottom-right:0px;--awb-border-radius-bottom-left:0px;--awb-padding-bottom:90px;--awb-flex-wrap:wrap;\" ><div class=\"fusion-builder-row fusion-row fusion-flex-align-items-flex-start fusion-flex-content-wrap\" style=\"max-width:1248px;margin-left: calc(-4% \/ 2 );margin-right: calc(-4% \/ 2 );\"><div class=\"fusion-layout-column fusion_builder_column fusion-builder-column-6 fusion_builder_column_1_1 1_1 fusion-flex-column\" style=\"--awb-padding-top:40px;--awb-padding-right:30px;--awb-padding-bottom:40px;--awb-padding-left:30px;--awb-bg-color:rgba(33,35,38,0.5);--awb-bg-color-hover:rgba(33,35,38,0.5);--awb-bg-image:url(&#039;https:\/\/auterifruit.it\/wp-content\/uploads\/2022\/11\/mandarini-min.jpg&#039;);--awb-bg-position:center center;--awb-bg-blend:overlay;--awb-bg-size:cover;--awb-width-large:100%;--awb-margin-top-large:0px;--awb-spacing-right-large:1.92%;--awb-margin-bottom-large:20px;--awb-spacing-left-large:1.92%;--awb-width-medium:100%;--awb-order-medium:0;--awb-spacing-right-medium:1.92%;--awb-spacing-left-medium:1.92%;--awb-width-small:100%;--awb-order-small:0;--awb-spacing-right-small:1.92%;--awb-spacing-left-small:1.92%;\"><div class=\"fusion-column-wrapper fusion-column-has-shadow fusion-flex-justify-content-flex-start fusion-content-layout-column fusion-column-has-bg-image\" data-bg-url=\"https:\/\/auterifruit.it\/wp-content\/uploads\/2022\/11\/mandarini-min.jpg\"><div class=\"fusion-image-element \" style=\"text-align:center;--awb-max-width:80px;--awb-caption-title-font-family:var(--h2_typography-font-family);--awb-caption-title-font-weight:var(--h2_typography-font-weight);--awb-caption-title-font-style:var(--h2_typography-font-style);--awb-caption-title-size:var(--h2_typography-font-size);--awb-caption-title-transform:var(--h2_typography-text-transform);--awb-caption-title-line-height:var(--h2_typography-line-height);--awb-caption-title-letter-spacing:var(--h2_typography-letter-spacing);\"><span class=\" fusion-imageframe imageframe-none imageframe-5 hover-type-none\"><img decoding=\"async\" width=\"512\" height=\"512\" src=\"https:\/\/auterifruit.it\/wp-content\/uploads\/2022\/11\/0000_Mandarino.png\" alt class=\"img-responsive wp-image-908\" srcset=\"https:\/\/auterifruit.it\/wp-content\/uploads\/2022\/11\/0000_Mandarino-200x200.png 200w, https:\/\/auterifruit.it\/wp-content\/uploads\/2022\/11\/0000_Mandarino-400x400.png 400w, https:\/\/auterifruit.it\/wp-content\/uploads\/2022\/11\/0000_Mandarino.png 512w\" sizes=\"(max-width: 640px) 100vw, 512px\" \/><\/span><\/div><div class=\"fusion-title title fusion-title-6 fusion-sep-none fusion-title-center fusion-title-text fusion-title-size-three\" style=\"--awb-text-color:#ffffff;--awb-margin-top-small:10px;--awb-margin-right-small:0px;--awb-margin-bottom-small:10px;--awb-margin-left-small:0px;\"><h3 class=\"fusion-title-heading title-heading-center fusion-responsive-typography-calculated\" style=\"margin:0;--fontSize:50;line-height:var(--awb-typography1-line-height);\">Mandarines<\/h3><\/div><div class=\"fusion-text fusion-text-5\" style=\"--awb-content-alignment:center;--awb-text-color:#ffffff;\"><p>Parfum\u00e9es, cultiv\u00e9es sur les pentes de l&rsquo;Etna, riches en jus sucr\u00e9 et surprenantes dans toutes les nuances du go\u00fbt. Un petit concentr\u00e9 de bienfaits ! Nous traitons les qualit\u00e9s Avana et Di Giaculli.<\/p>\n<\/div><\/div><\/div><\/div><\/div><\/p>\n","protected":false},"excerpt":{"rendered":"","protected":false},"author":2,"featured_media":0,"parent":0,"menu_order":0,"comment_status":"closed","ping_status":"closed","template":"100-width.php","meta":{"footnotes":""},"class_list":["post-1255","page","type-page","status-publish","hentry"],"acf":[],"yoast_head":"<!-- This site is optimized with the Yoast SEO plugin v27.4 - https:\/\/yoast.com\/product\/yoast-seo-wordpress\/ -->\n<title>Oranges siciliennes - Auteri Fruit<\/title>\n<meta name=\"robots\" content=\"index, follow, max-snippet:-1, max-image-preview:large, max-video-preview:-1\" \/>\n<link rel=\"canonical\" href=\"https:\/\/auterifruit.it\/fr\/oranges-siciliennes\/\" \/>\n<meta property=\"og:locale\" content=\"fr_FR\" \/>\n<meta property=\"og:type\" content=\"article\" \/>\n<meta property=\"og:title\" content=\"Oranges siciliennes - Auteri Fruit\" \/>\n<meta property=\"og:url\" content=\"https:\/\/auterifruit.it\/fr\/oranges-siciliennes\/\" \/>\n<meta property=\"og:site_name\" content=\"Auteri Fruit\" \/>\n<meta property=\"article:publisher\" content=\"https:\/\/www.facebook.com\/auterifruit\" \/>\n<meta property=\"article:modified_time\" content=\"2022-12-21T11:04:51+00:00\" \/>\n<meta name=\"twitter:card\" content=\"summary_large_image\" \/>\n<meta name=\"twitter:label1\" content=\"Dur\u00e9e de lecture estim\u00e9e\" \/>\n\t<meta name=\"twitter:data1\" content=\"15 minutes\" \/>\n<script type=\"application\/ld+json\" class=\"yoast-schema-graph\">{\"@context\":\"https:\\\/\\\/schema.org\",\"@graph\":[{\"@type\":\"WebPage\",\"@id\":\"https:\\\/\\\/auterifruit.it\\\/fr\\\/oranges-siciliennes\\\/\",\"url\":\"https:\\\/\\\/auterifruit.it\\\/fr\\\/oranges-siciliennes\\\/\",\"name\":\"Oranges siciliennes - Auteri Fruit\",\"isPartOf\":{\"@id\":\"https:\\\/\\\/auterifruit.it\\\/#website\"},\"datePublished\":\"2022-11-30T08:12:52+00:00\",\"dateModified\":\"2022-12-21T11:04:51+00:00\",\"breadcrumb\":{\"@id\":\"https:\\\/\\\/auterifruit.it\\\/fr\\\/oranges-siciliennes\\\/#breadcrumb\"},\"inLanguage\":\"fr-FR\",\"potentialAction\":[{\"@type\":\"ReadAction\",\"target\":[\"https:\\\/\\\/auterifruit.it\\\/fr\\\/oranges-siciliennes\\\/\"]}]},{\"@type\":\"BreadcrumbList\",\"@id\":\"https:\\\/\\\/auterifruit.it\\\/fr\\\/oranges-siciliennes\\\/#breadcrumb\",\"itemListElement\":[{\"@type\":\"ListItem\",\"position\":1,\"name\":\"Home\",\"item\":\"https:\\\/\\\/auterifruit.it\\\/fr\\\/\"},{\"@type\":\"ListItem\",\"position\":2,\"name\":\"Oranges siciliennes\"}]},{\"@type\":\"WebSite\",\"@id\":\"https:\\\/\\\/auterifruit.it\\\/#website\",\"url\":\"https:\\\/\\\/auterifruit.it\\\/\",\"name\":\"Auteri Fruit\",\"description\":\"\",\"potentialAction\":[{\"@type\":\"SearchAction\",\"target\":{\"@type\":\"EntryPoint\",\"urlTemplate\":\"https:\\\/\\\/auterifruit.it\\\/?s={search_term_string}\"},\"query-input\":{\"@type\":\"PropertyValueSpecification\",\"valueRequired\":true,\"valueName\":\"search_term_string\"}}],\"inLanguage\":\"fr-FR\"}]}<\/script>\n<!-- \/ Yoast SEO plugin. -->","yoast_head_json":{"title":"Oranges siciliennes - Auteri Fruit","robots":{"index":"index","follow":"follow","max-snippet":"max-snippet:-1","max-image-preview":"max-image-preview:large","max-video-preview":"max-video-preview:-1"},"canonical":"https:\/\/auterifruit.it\/fr\/oranges-siciliennes\/","og_locale":"fr_FR","og_type":"article","og_title":"Oranges siciliennes - Auteri Fruit","og_url":"https:\/\/auterifruit.it\/fr\/oranges-siciliennes\/","og_site_name":"Auteri Fruit","article_publisher":"https:\/\/www.facebook.com\/auterifruit","article_modified_time":"2022-12-21T11:04:51+00:00","twitter_card":"summary_large_image","twitter_misc":{"Dur\u00e9e de lecture estim\u00e9e":"15 minutes"},"schema":{"@context":"https:\/\/schema.org","@graph":[{"@type":"WebPage","@id":"https:\/\/auterifruit.it\/fr\/oranges-siciliennes\/","url":"https:\/\/auterifruit.it\/fr\/oranges-siciliennes\/","name":"Oranges siciliennes - Auteri Fruit","isPartOf":{"@id":"https:\/\/auterifruit.it\/#website"},"datePublished":"2022-11-30T08:12:52+00:00","dateModified":"2022-12-21T11:04:51+00:00","breadcrumb":{"@id":"https:\/\/auterifruit.it\/fr\/oranges-siciliennes\/#breadcrumb"},"inLanguage":"fr-FR","potentialAction":[{"@type":"ReadAction","target":["https:\/\/auterifruit.it\/fr\/oranges-siciliennes\/"]}]},{"@type":"BreadcrumbList","@id":"https:\/\/auterifruit.it\/fr\/oranges-siciliennes\/#breadcrumb","itemListElement":[{"@type":"ListItem","position":1,"name":"Home","item":"https:\/\/auterifruit.it\/fr\/"},{"@type":"ListItem","position":2,"name":"Oranges siciliennes"}]},{"@type":"WebSite","@id":"https:\/\/auterifruit.it\/#website","url":"https:\/\/auterifruit.it\/","name":"Auteri Fruit","description":"","potentialAction":[{"@type":"SearchAction","target":{"@type":"EntryPoint","urlTemplate":"https:\/\/auterifruit.it\/?s={search_term_string}"},"query-input":{"@type":"PropertyValueSpecification","valueRequired":true,"valueName":"search_term_string"}}],"inLanguage":"fr-FR"}]}},"_links":{"self":[{"href":"https:\/\/auterifruit.it\/fr\/wp-json\/wp\/v2\/pages\/1255","targetHints":{"allow":["GET"]}}],"collection":[{"href":"https:\/\/auterifruit.it\/fr\/wp-json\/wp\/v2\/pages"}],"about":[{"href":"https:\/\/auterifruit.it\/fr\/wp-json\/wp\/v2\/types\/page"}],"author":[{"embeddable":true,"href":"https:\/\/auterifruit.it\/fr\/wp-json\/wp\/v2\/users\/2"}],"replies":[{"embeddable":true,"href":"https:\/\/auterifruit.it\/fr\/wp-json\/wp\/v2\/comments?post=1255"}],"version-history":[{"count":3,"href":"https:\/\/auterifruit.it\/fr\/wp-json\/wp\/v2\/pages\/1255\/revisions"}],"predecessor-version":[{"id":1258,"href":"https:\/\/auterifruit.it\/fr\/wp-json\/wp\/v2\/pages\/1255\/revisions\/1258"}],"wp:attachment":[{"href":"https:\/\/auterifruit.it\/fr\/wp-json\/wp\/v2\/media?parent=1255"}],"curies":[{"name":"wp","href":"https:\/\/api.w.org\/{rel}","templated":true}]}}