{"id":1442,"date":"2024-06-18T15:11:15","date_gmt":"2024-06-18T13:11:15","guid":{"rendered":"https:\/\/auterifruit.it\/privacy-policy\/"},"modified":"2024-06-18T15:49:01","modified_gmt":"2024-06-18T13:49:01","slug":"privacy-policy","status":"publish","type":"page","link":"https:\/\/auterifruit.it\/fr\/privacy-policy\/","title":{"rendered":"Privacy Policy"},"content":{"rendered":"<div class=\"fusion-fullwidth fullwidth-box fusion-builder-row-1 fusion-flex-container nonhundred-percent-fullwidth non-hundred-percent-height-scrolling\" style=\"--awb-border-radius-top-left:0px;--awb-border-radius-top-right:0px;--awb-border-radius-bottom-right:0px;--awb-border-radius-bottom-left:0px;--awb-flex-wrap:wrap;\" ><div class=\"fusion-builder-row fusion-row fusion-flex-align-items-flex-start fusion-flex-content-wrap\" style=\"max-width:1248px;margin-left: calc(-4% \/ 2 );margin-right: calc(-4% \/ 2 );\"><div class=\"fusion-layout-column fusion_builder_column fusion-builder-column-0 fusion_builder_column_1_1 1_1 fusion-flex-column\" style=\"--awb-bg-size:cover;--awb-width-large:100%;--awb-margin-top-large:0px;--awb-spacing-right-large:1.92%;--awb-margin-bottom-large:0px;--awb-spacing-left-large:1.92%;--awb-width-medium:100%;--awb-spacing-right-medium:1.92%;--awb-spacing-left-medium:1.92%;--awb-width-small:100%;--awb-spacing-right-small:1.92%;--awb-spacing-left-small:1.92%;\"><div class=\"fusion-column-wrapper fusion-flex-justify-content-flex-start fusion-content-layout-column\"><div class=\"fusion-text fusion-text-1\"><h1 class=\"privacy-policy-h1\"><span style=\"vertical-align: inherit;\"><span style=\"vertical-align: inherit;\"><span style=\"vertical-align: inherit;\"><span style=\"vertical-align: inherit;\">Politique de Confidentialit\u00e9<\/span><\/span><\/span><\/span><\/h1>\n<p class=\"privacy-policy-h1\"><strong><span style=\"vertical-align: inherit;\"><span style=\"vertical-align: inherit;\"><span style=\"vertical-align: inherit;\"><span style=\"vertical-align: inherit;\"><span style=\"vertical-align: inherit;\"><span style=\"vertical-align: inherit;\">Derni\u00e8re mise \u00e0 jour le 18 juin 2024 <\/span><\/span><\/span><\/span><\/span><\/span><\/strong><br \/>\n<strong><span style=\"vertical-align: inherit;\"><span style=\"vertical-align: inherit;\"><span style=\"vertical-align: inherit;\"><span style=\"vertical-align: inherit;\"><span style=\"vertical-align: inherit;\"><span style=\"vertical-align: inherit;\">Date d&rsquo;entr\u00e9e en vigueur le 18 juin 2024<\/span><\/span><\/span><\/span><\/span><\/span><\/strong><\/p>\n<p class=\"privacy-policy-p\"><span style=\"vertical-align: inherit;\"><span style=\"vertical-align: inherit;\"><span style=\"vertical-align: inherit;\"><span style=\"vertical-align: inherit;\"><span style=\"vertical-align: inherit;\"><span style=\"vertical-align: inherit;\">Cette politique de confidentialit\u00e9 d\u00e9crit les politiques de Il Galletto Societ\u00e0 Consortile Agricola A.R. L.O.P., Via Palermo SN, Palagonia (CT) 95046, Italie, email : no-reply@auterifruit.it, t\u00e9l\u00e9phone : +390957953826 sur la collecte, l&rsquo;utilisation et la divulgation de vos informations. que nous collectons lorsque vous utilisez notre site Internet (https:\/\/auterifruit.it). (le Service\u00a0\u00bb). En acc\u00e9dant ou en utilisant le Service, vous consentez \u00e0 la collecte, \u00e0 l&rsquo;utilisation et \u00e0 la divulgation de vos informations conform\u00e9ment \u00e0 la pr\u00e9sente Politique de confidentialit\u00e9. Si vous n&rsquo;acceptez pas cela, veuillez ne pas acc\u00e9der ou utiliser le Service.<\/span><\/span><\/span><\/span><\/span><\/span><\/p>\n<p class=\"privacy-policy-p\"><span style=\"vertical-align: inherit;\"><span style=\"vertical-align: inherit;\"><span style=\"vertical-align: inherit;\"><span style=\"vertical-align: inherit;\"><span style=\"vertical-align: inherit;\"><span style=\"vertical-align: inherit;\">Nous pouvons modifier cette politique de confidentialit\u00e9 \u00e0 tout moment sans pr\u00e9avis, et nous publierons la politique de confidentialit\u00e9 r\u00e9vis\u00e9e sur le service. La politique r\u00e9vis\u00e9e entrera en vigueur 180 jours apr\u00e8s la publication de la politique r\u00e9vis\u00e9e sur le service, et votre acc\u00e8s ou votre utilisation continue du service apr\u00e8s cette p\u00e9riode constituera votre acceptation de la politique de confidentialit\u00e9 r\u00e9vis\u00e9e. Nous vous recommandons donc de consulter p\u00e9riodiquement cette page.<\/span><\/span><\/span><\/span><\/span><\/span><\/p>\n<ol class=\"privacy-policy-ol\">\n<li>\n<h2 class=\"privacy-policy-h2\"><span style=\"vertical-align: inherit;\"><span style=\"vertical-align: inherit;\"><span style=\"vertical-align: inherit;\"><span style=\"vertical-align: inherit;\"><span style=\"vertical-align: inherit;\"><span style=\"vertical-align: inherit;\">COMMENT NOUS UTILISONS VOS INFORMATIONS\u00a0:<\/span><\/span><\/span><\/span><\/span><\/span><\/h2>\n<p class=\"privacy-policy-p\"><span style=\"vertical-align: inherit;\"><span style=\"vertical-align: inherit;\"><span style=\"vertical-align: inherit;\"><span style=\"vertical-align: inherit;\"><span style=\"vertical-align: inherit;\"><span style=\"vertical-align: inherit;\">Nous utiliserons les informations que nous collectons \u00e0 votre sujet aux fins suivantes\u00a0:<\/span><\/span><\/span><\/span><\/span><\/span><\/p>\n<ol class=\"privacy-policy-ol\">\n<li><span style=\"vertical-align: inherit;\"><span style=\"vertical-align: inherit;\"><span style=\"vertical-align: inherit;\"><span style=\"vertical-align: inherit;\"><span style=\"vertical-align: inherit;\"><span style=\"vertical-align: inherit;\">Marketing\/Promotion<\/span><\/span><\/span><\/span><\/span><\/span><\/li>\n<li><span style=\"vertical-align: inherit;\"><span style=\"vertical-align: inherit;\"><span style=\"vertical-align: inherit;\"><span style=\"vertical-align: inherit;\"><span style=\"vertical-align: inherit;\"><span style=\"vertical-align: inherit;\">Soutien<\/span><\/span><\/span><\/span><\/span><\/span><\/li>\n<li><span style=\"vertical-align: inherit;\"><span style=\"vertical-align: inherit;\"><span style=\"vertical-align: inherit;\"><span style=\"vertical-align: inherit;\"><span style=\"vertical-align: inherit;\"><span style=\"vertical-align: inherit;\">Informations administratives<\/span><\/span><\/span><\/span><\/span><\/span><\/li>\n<li><span style=\"vertical-align: inherit;\"><span style=\"vertical-align: inherit;\"><span style=\"vertical-align: inherit;\"><span style=\"vertical-align: inherit;\"><span style=\"vertical-align: inherit;\"><span style=\"vertical-align: inherit;\">Publicit\u00e9 cibl\u00e9e<\/span><\/span><\/span><\/span><\/span><\/span><\/li>\n<\/ol>\n<p class=\"privacy-policy-p\"><span style=\"vertical-align: inherit;\"><span style=\"vertical-align: inherit;\"><span style=\"vertical-align: inherit;\"><span style=\"vertical-align: inherit;\"><span style=\"vertical-align: inherit;\"><span style=\"vertical-align: inherit;\">Si nous souhaitons utiliser vos informations \u00e0 d\u2019autres fins, nous vous demanderons votre consentement et n\u2019utiliserons vos informations qu\u2019apr\u00e8s avoir re\u00e7u votre consentement et uniquement aux fins pour lesquelles nous accordons votre consentement, \u00e0 moins que cela ne nous soit demand\u00e9. diff\u00e9remment de la loi.<\/span><\/span><\/span><\/span><\/span><\/span><\/p>\n<\/li>\n<li>\n<h2 class=\"privacy-policy-h2\"><span style=\"vertical-align: inherit;\"><span style=\"vertical-align: inherit;\"><span style=\"vertical-align: inherit;\"><span style=\"vertical-align: inherit;\"><span style=\"vertical-align: inherit;\"><span style=\"vertical-align: inherit;\">COMMENT NOUS PARTAGEONS VOS INFORMATIONS\u00a0:<\/span><\/span><\/span><\/span><\/span><\/span><\/h2>\n<p class=\"privacy-policy-p\"><span style=\"vertical-align: inherit;\"><span style=\"vertical-align: inherit;\"><span style=\"vertical-align: inherit;\"><span style=\"vertical-align: inherit;\"><span style=\"vertical-align: inherit;\"><span style=\"vertical-align: inherit;\">Nous ne transf\u00e9rerons pas vos informations personnelles \u00e0 des tiers sans demander votre consentement, sauf dans les circonstances limit\u00e9es d\u00e9crites ci-dessous\u00a0:<\/span><\/span><\/span><\/span><\/span><\/span><\/p>\n<ol class=\"privacy-policy-ol\">\n<li><span style=\"vertical-align: inherit;\"><span style=\"vertical-align: inherit;\"><span style=\"vertical-align: inherit;\"><span style=\"vertical-align: inherit;\"><span style=\"vertical-align: inherit;\"><span style=\"vertical-align: inherit;\">Service de publicit\u00e9<\/span><\/span><\/span><\/span><\/span><\/span><\/li>\n<li><span style=\"vertical-align: inherit;\"><span style=\"vertical-align: inherit;\"><span style=\"vertical-align: inherit;\"><span style=\"vertical-align: inherit;\"><span style=\"vertical-align: inherit;\"><span style=\"vertical-align: inherit;\">Agences de marketing<\/span><\/span><\/span><\/span><\/span><\/span><\/li>\n<li><span style=\"vertical-align: inherit;\"><span style=\"vertical-align: inherit;\"><span style=\"vertical-align: inherit;\"><span style=\"vertical-align: inherit;\"><span style=\"vertical-align: inherit;\"><span style=\"vertical-align: inherit;\">Analytique<\/span><\/span><\/span><\/span><\/span><\/span><\/li>\n<li><span style=\"vertical-align: inherit;\"><span style=\"vertical-align: inherit;\"><span style=\"vertical-align: inherit;\"><span style=\"vertical-align: inherit;\"><span style=\"vertical-align: inherit;\"><span style=\"vertical-align: inherit;\">Services de recouvrement de paiements<\/span><\/span><\/span><\/span><\/span><\/span><\/li>\n<\/ol>\n<p class=\"privacy-policy-p\"><span style=\"vertical-align: inherit;\"><span style=\"vertical-align: inherit;\"><span style=\"vertical-align: inherit;\"><span style=\"vertical-align: inherit;\"><span style=\"vertical-align: inherit;\"><span style=\"vertical-align: inherit;\">Nous exigeons que ces tiers utilisent les informations personnelles que nous leur transf\u00e9rons uniquement aux fins pour lesquelles elles ont \u00e9t\u00e9 transf\u00e9r\u00e9es et ne les conservent pas plus longtemps que n\u00e9cessaire pour atteindre cette finalit\u00e9.<\/span><\/span><\/span><\/span><\/span><\/span><\/p>\n<p class=\"privacy-policy-p\"><span style=\"vertical-align: inherit;\"><span style=\"vertical-align: inherit;\"><span style=\"vertical-align: inherit;\"><span style=\"vertical-align: inherit;\"><span style=\"vertical-align: inherit;\"><span style=\"vertical-align: inherit;\">Nous pouvons \u00e9galement divulguer vos informations personnelles pour effectuer les op\u00e9rations suivantes\u00a0: (1) pour nous conformer \u00e0 la loi, \u00e0 la r\u00e9glementation, \u00e0 une ordonnance du tribunal ou \u00e0 toute autre proc\u00e9dure judiciaire applicable\u00a0; (2) pour faire respecter vos accords avec nous, y compris cette politique de confidentialit\u00e9\u00a0; ou (3) pour r\u00e9pondre aux r\u00e9clamations selon lesquelles votre utilisation du Service viole les droits de tiers. Si le Service ou notre soci\u00e9t\u00e9 est fusionn\u00e9 ou acquis avec une autre soci\u00e9t\u00e9, vos informations feront partie des actifs transf\u00e9r\u00e9s au nouveau propri\u00e9taire.<\/span><\/span><\/span><\/span><\/span><\/span><\/p>\n<\/li>\n<li>\n<h2 class=\"privacy-policy-h2\"><span style=\"vertical-align: inherit;\"><span style=\"vertical-align: inherit;\"><span style=\"vertical-align: inherit;\"><span style=\"vertical-align: inherit;\"><span style=\"vertical-align: inherit;\"><span style=\"vertical-align: inherit;\">TES DROITS:<\/span><\/span><\/span><\/span><\/span><\/span><\/h2>\n<p class=\"privacy-policy-p\"><span style=\"vertical-align: inherit;\"><span style=\"vertical-align: inherit;\"><span style=\"vertical-align: inherit;\"><span style=\"vertical-align: inherit;\"><span style=\"vertical-align: inherit;\"><span style=\"vertical-align: inherit;\">Selon la loi applicable, vous pouvez avoir le droit d&rsquo;acc\u00e9der, de rectifier ou de supprimer vos donn\u00e9es personnelles ou de recevoir une copie de vos donn\u00e9es personnelles, de restreindre ou de vous opposer au traitement actif de vos donn\u00e9es, de nous demander de partager (porter) vos informations personnelles vers une autre entit\u00e9, retirer le consentement que vous nous avez donn\u00e9 pour traiter vos donn\u00e9es, le droit de d\u00e9poser une plainte aupr\u00e8s d&rsquo;une autorit\u00e9 l\u00e9gale et d&rsquo;autres droits qui peuvent \u00eatre pertinents en vertu des lois applicables. Pour exercer ces droits, vous pouvez nous \u00e9crire \u00e0 no-reply@auterifruit.it. Nous r\u00e9pondrons \u00e0 votre demande conform\u00e9ment \u00e0 la loi applicable.<\/span><\/span><\/span><\/span><\/span><\/span><\/p>\n<p class=\"privacy-policy-p\"><span style=\"vertical-align: inherit;\"><span style=\"vertical-align: inherit;\"><span style=\"vertical-align: inherit;\"><span style=\"vertical-align: inherit;\"><span style=\"vertical-align: inherit;\"><span style=\"vertical-align: inherit;\">Veuillez noter que si vous ne nous autorisez pas \u00e0 collecter ou \u00e0 traiter les informations personnelles demand\u00e9es, ou si vous retirez votre consentement \u00e0 les traiter aux fins demand\u00e9es, vous ne pourrez peut-\u00eatre pas acc\u00e9der ou utiliser les services pour lesquels vos informations ont \u00e9t\u00e9 demand\u00e9es.<\/span><\/span><\/span><\/span><\/span><\/span><\/p>\n<\/li>\n<li>\n<h2 class=\"privacy-policy-h2\"><span style=\"vertical-align: inherit;\"><span style=\"vertical-align: inherit;\"><span style=\"vertical-align: inherit;\"><span style=\"vertical-align: inherit;\">COOKIES, ETC.<\/span><\/span><\/span><\/span><\/h2>\n<p class=\"privacy-policy-p\"><span style=\"vertical-align: inherit;\"><span style=\"vertical-align: inherit;\"><span style=\"vertical-align: inherit;\"><span style=\"vertical-align: inherit;\"><span style=\"vertical-align: inherit;\"><span style=\"vertical-align: inherit;\">Pour en savoir plus sur la fa\u00e7on dont nous les utilisons et sur vos choix concernant ces technologies de suivi, veuillez vous r\u00e9f\u00e9rer \u00e0 notre\u00a0 <\/span><\/span><\/span><\/span><\/span><\/span><a href=\"https:\/\/auterifruit.it\/en\/\"><span style=\"vertical-align: inherit;\"><span style=\"vertical-align: inherit;\"><span style=\"vertical-align: inherit;\"><span style=\"vertical-align: inherit;\"><span style=\"vertical-align: inherit;\"><span style=\"vertical-align: inherit;\">Politique en mati\u00e8re de cookies.<\/span><\/span><\/span><\/span><\/span><\/span><\/a><\/p>\n<\/li>\n<li>\n<h2 class=\"privacy-policy-h2\"><span style=\"vertical-align: inherit;\"><span style=\"vertical-align: inherit;\"><span style=\"vertical-align: inherit;\"><span style=\"vertical-align: inherit;\"><span style=\"vertical-align: inherit;\"><span style=\"vertical-align: inherit;\">S\u00c9CURIT\u00c9:<\/span><\/span><\/span><\/span><\/span><\/span><\/h2>\n<p class=\"privacy-policy-p\"><span style=\"vertical-align: inherit;\"><span style=\"vertical-align: inherit;\"><span style=\"vertical-align: inherit;\"><span style=\"vertical-align: inherit;\"><span style=\"vertical-align: inherit;\"><span style=\"vertical-align: inherit;\">La s\u00e9curit\u00e9 de vos informations est importante pour nous et nous utiliserons des mesures de s\u00e9curit\u00e9 raisonnables pour emp\u00eacher la perte, l&rsquo;utilisation abusive ou la modification non autoris\u00e9e de vos informations sous notre contr\u00f4le. Cependant, compte tenu des risques inh\u00e9rents, nous ne pouvons garantir une s\u00e9curit\u00e9 absolue et, par cons\u00e9quent, nous ne pouvons assurer ou garantir la s\u00e9curit\u00e9 des informations que vous nous transmettez, et vous le faites \u00e0 vos propres risques.<\/span><\/span><\/span><\/span><\/span><\/span><\/p>\n<\/li>\n<li>\n<h2 class=\"privacy-policy-h2\"><span style=\"vertical-align: inherit;\"><span style=\"vertical-align: inherit;\"><span style=\"vertical-align: inherit;\"><span style=\"vertical-align: inherit;\"><span style=\"vertical-align: inherit;\"><span style=\"vertical-align: inherit;\">RESPONSABLE DES PLAINTES\/PROTECTION DES DONN\u00c9ES\u00a0:<\/span><\/span><\/span><\/span><\/span><\/span><\/h2>\n<p class=\"privacy-policy-p\"><span style=\"vertical-align: inherit;\"><span style=\"vertical-align: inherit;\"><span style=\"vertical-align: inherit;\"><span style=\"vertical-align: inherit;\"><span style=\"vertical-align: inherit;\"><span style=\"vertical-align: inherit;\">Si vous avez des questions ou des pr\u00e9occupations concernant le traitement des informations disponibles chez nous, vous pouvez envoyer un e-mail \u00e0 notre responsable des r\u00e9clamations chez Il Galletto Societ\u00e0 Consortile Agricola ARLOP, Via Palermo SN, email : no-reply@auterifruit. il. Nous r\u00e9pondrons \u00e0 vos pr\u00e9occupations conform\u00e9ment \u00e0 la loi applicable.<\/span><\/span><\/span><\/span><\/span><\/span><\/p>\n<\/li>\n<\/ol>\n<p class=\"privacy-policy-p\"><span style=\"vertical-align: inherit;\"><span style=\"vertical-align: inherit;\"><span style=\"vertical-align: inherit;\"><span style=\"vertical-align: inherit;\"><span style=\"vertical-align: inherit;\"><span style=\"vertical-align: inherit;\">Politique de confidentialit\u00e9 g\u00e9n\u00e9r\u00e9e avec\u00a0 <\/span><\/span><\/span><\/span><\/span><\/span><a href=\"https:\/\/www.cookieyes.com\/?utm_source=PP&amp;utm_medium=footer&amp;utm_campaign=UW\" target=\"_blank\" rel=\"noopener\"><span style=\"vertical-align: inherit;\"><span style=\"vertical-align: inherit;\"><span style=\"vertical-align: inherit;\"><span style=\"vertical-align: inherit;\"><span style=\"vertical-align: inherit;\"><span style=\"vertical-align: inherit;\">CookieYes<\/span><\/span><\/span><\/span><\/span><\/span><\/a><span style=\"vertical-align: inherit;\"><span style=\"vertical-align: inherit;\"><span style=\"vertical-align: inherit;\"><span style=\"vertical-align: inherit;\"><span style=\"vertical-align: inherit;\"><span style=\"vertical-align: inherit;\"> .<\/span><\/span><\/span><\/span><\/span><\/span><\/p>\n<\/div><\/div><\/div><\/div><\/div>\n","protected":false},"excerpt":{"rendered":"","protected":false},"author":2,"featured_media":0,"parent":0,"menu_order":0,"comment_status":"closed","ping_status":"closed","template":"100-width.php","meta":{"footnotes":""},"class_list":["post-1442","page","type-page","status-publish","hentry"],"acf":[],"yoast_head":"<!-- This site is optimized with the Yoast SEO plugin v27.4 - https:\/\/yoast.com\/product\/yoast-seo-wordpress\/ -->\n<title>Privacy Policy - Auteri Fruit<\/title>\n<meta name=\"robots\" content=\"index, follow, max-snippet:-1, max-image-preview:large, max-video-preview:-1\" \/>\n<link rel=\"canonical\" href=\"https:\/\/auterifruit.it\/fr\/privacy-policy\/\" \/>\n<meta property=\"og:locale\" content=\"fr_FR\" \/>\n<meta property=\"og:type\" content=\"article\" \/>\n<meta property=\"og:title\" content=\"Privacy Policy - Auteri Fruit\" \/>\n<meta property=\"og:url\" content=\"https:\/\/auterifruit.it\/fr\/privacy-policy\/\" \/>\n<meta property=\"og:site_name\" content=\"Auteri Fruit\" \/>\n<meta property=\"article:publisher\" content=\"https:\/\/www.facebook.com\/auterifruit\" \/>\n<meta property=\"article:modified_time\" content=\"2024-06-18T13:49:01+00:00\" \/>\n<meta name=\"twitter:card\" content=\"summary_large_image\" \/>\n<meta name=\"twitter:label1\" content=\"Dur\u00e9e de lecture estim\u00e9e\" \/>\n\t<meta name=\"twitter:data1\" content=\"5 minutes\" \/>\n<script type=\"application\/ld+json\" class=\"yoast-schema-graph\">{\"@context\":\"https:\\\/\\\/schema.org\",\"@graph\":[{\"@type\":\"WebPage\",\"@id\":\"https:\\\/\\\/auterifruit.it\\\/fr\\\/privacy-policy\\\/\",\"url\":\"https:\\\/\\\/auterifruit.it\\\/fr\\\/privacy-policy\\\/\",\"name\":\"Privacy Policy - Auteri Fruit\",\"isPartOf\":{\"@id\":\"https:\\\/\\\/auterifruit.it\\\/#website\"},\"datePublished\":\"2024-06-18T13:11:15+00:00\",\"dateModified\":\"2024-06-18T13:49:01+00:00\",\"breadcrumb\":{\"@id\":\"https:\\\/\\\/auterifruit.it\\\/fr\\\/privacy-policy\\\/#breadcrumb\"},\"inLanguage\":\"fr-FR\",\"potentialAction\":[{\"@type\":\"ReadAction\",\"target\":[\"https:\\\/\\\/auterifruit.it\\\/fr\\\/privacy-policy\\\/\"]}]},{\"@type\":\"BreadcrumbList\",\"@id\":\"https:\\\/\\\/auterifruit.it\\\/fr\\\/privacy-policy\\\/#breadcrumb\",\"itemListElement\":[{\"@type\":\"ListItem\",\"position\":1,\"name\":\"Home\",\"item\":\"https:\\\/\\\/auterifruit.it\\\/fr\\\/\"},{\"@type\":\"ListItem\",\"position\":2,\"name\":\"Privacy Policy\"}]},{\"@type\":\"WebSite\",\"@id\":\"https:\\\/\\\/auterifruit.it\\\/#website\",\"url\":\"https:\\\/\\\/auterifruit.it\\\/\",\"name\":\"Auteri Fruit\",\"description\":\"\",\"potentialAction\":[{\"@type\":\"SearchAction\",\"target\":{\"@type\":\"EntryPoint\",\"urlTemplate\":\"https:\\\/\\\/auterifruit.it\\\/?s={search_term_string}\"},\"query-input\":{\"@type\":\"PropertyValueSpecification\",\"valueRequired\":true,\"valueName\":\"search_term_string\"}}],\"inLanguage\":\"fr-FR\"}]}<\/script>\n<!-- \/ Yoast SEO plugin. -->","yoast_head_json":{"title":"Privacy Policy - Auteri Fruit","robots":{"index":"index","follow":"follow","max-snippet":"max-snippet:-1","max-image-preview":"max-image-preview:large","max-video-preview":"max-video-preview:-1"},"canonical":"https:\/\/auterifruit.it\/fr\/privacy-policy\/","og_locale":"fr_FR","og_type":"article","og_title":"Privacy Policy - Auteri Fruit","og_url":"https:\/\/auterifruit.it\/fr\/privacy-policy\/","og_site_name":"Auteri Fruit","article_publisher":"https:\/\/www.facebook.com\/auterifruit","article_modified_time":"2024-06-18T13:49:01+00:00","twitter_card":"summary_large_image","twitter_misc":{"Dur\u00e9e de lecture estim\u00e9e":"5 minutes"},"schema":{"@context":"https:\/\/schema.org","@graph":[{"@type":"WebPage","@id":"https:\/\/auterifruit.it\/fr\/privacy-policy\/","url":"https:\/\/auterifruit.it\/fr\/privacy-policy\/","name":"Privacy Policy - Auteri Fruit","isPartOf":{"@id":"https:\/\/auterifruit.it\/#website"},"datePublished":"2024-06-18T13:11:15+00:00","dateModified":"2024-06-18T13:49:01+00:00","breadcrumb":{"@id":"https:\/\/auterifruit.it\/fr\/privacy-policy\/#breadcrumb"},"inLanguage":"fr-FR","potentialAction":[{"@type":"ReadAction","target":["https:\/\/auterifruit.it\/fr\/privacy-policy\/"]}]},{"@type":"BreadcrumbList","@id":"https:\/\/auterifruit.it\/fr\/privacy-policy\/#breadcrumb","itemListElement":[{"@type":"ListItem","position":1,"name":"Home","item":"https:\/\/auterifruit.it\/fr\/"},{"@type":"ListItem","position":2,"name":"Privacy Policy"}]},{"@type":"WebSite","@id":"https:\/\/auterifruit.it\/#website","url":"https:\/\/auterifruit.it\/","name":"Auteri Fruit","description":"","potentialAction":[{"@type":"SearchAction","target":{"@type":"EntryPoint","urlTemplate":"https:\/\/auterifruit.it\/?s={search_term_string}"},"query-input":{"@type":"PropertyValueSpecification","valueRequired":true,"valueName":"search_term_string"}}],"inLanguage":"fr-FR"}]}},"_links":{"self":[{"href":"https:\/\/auterifruit.it\/fr\/wp-json\/wp\/v2\/pages\/1442","targetHints":{"allow":["GET"]}}],"collection":[{"href":"https:\/\/auterifruit.it\/fr\/wp-json\/wp\/v2\/pages"}],"about":[{"href":"https:\/\/auterifruit.it\/fr\/wp-json\/wp\/v2\/types\/page"}],"author":[{"embeddable":true,"href":"https:\/\/auterifruit.it\/fr\/wp-json\/wp\/v2\/users\/2"}],"replies":[{"embeddable":true,"href":"https:\/\/auterifruit.it\/fr\/wp-json\/wp\/v2\/comments?post=1442"}],"version-history":[{"count":2,"href":"https:\/\/auterifruit.it\/fr\/wp-json\/wp\/v2\/pages\/1442\/revisions"}],"predecessor-version":[{"id":1463,"href":"https:\/\/auterifruit.it\/fr\/wp-json\/wp\/v2\/pages\/1442\/revisions\/1463"}],"wp:attachment":[{"href":"https:\/\/auterifruit.it\/fr\/wp-json\/wp\/v2\/media?parent=1442"}],"curies":[{"name":"wp","href":"https:\/\/api.w.org\/{rel}","templated":true}]}}