{"id":1451,"date":"2024-06-18T15:27:43","date_gmt":"2024-06-18T13:27:43","guid":{"rendered":"https:\/\/auterifruit.it\/cookie-policy\/"},"modified":"2024-06-18T15:32:38","modified_gmt":"2024-06-18T13:32:38","slug":"cookie-policy","status":"publish","type":"page","link":"https:\/\/auterifruit.it\/fr\/cookie-policy\/","title":{"rendered":"Cookie Policy"},"content":{"rendered":"<div class=\"fusion-fullwidth fullwidth-box fusion-builder-row-1 fusion-flex-container has-pattern-background has-mask-background nonhundred-percent-fullwidth non-hundred-percent-height-scrolling\" style=\"--awb-border-radius-top-left:0px;--awb-border-radius-top-right:0px;--awb-border-radius-bottom-right:0px;--awb-border-radius-bottom-left:0px;--awb-flex-wrap:wrap;\" ><div class=\"fusion-builder-row fusion-row fusion-flex-align-items-flex-start fusion-flex-content-wrap\" style=\"max-width:1248px;margin-left: calc(-4% \/ 2 );margin-right: calc(-4% \/ 2 );\"><div class=\"fusion-layout-column fusion_builder_column fusion-builder-column-0 fusion_builder_column_1_1 1_1 fusion-flex-column\" style=\"--awb-bg-size:cover;--awb-width-large:100%;--awb-margin-top-large:0px;--awb-spacing-right-large:1.92%;--awb-margin-bottom-large:20px;--awb-spacing-left-large:1.92%;--awb-width-medium:100%;--awb-order-medium:0;--awb-spacing-right-medium:1.92%;--awb-spacing-left-medium:1.92%;--awb-width-small:100%;--awb-order-small:0;--awb-spacing-right-small:1.92%;--awb-spacing-left-small:1.92%;\"><div class=\"fusion-column-wrapper fusion-column-has-shadow fusion-flex-justify-content-flex-start fusion-content-layout-column\"><div class=\"fusion-text fusion-text-1\"><h1 class=\"cookie-policy-h1\"><span style=\"vertical-align: inherit;\"><span style=\"vertical-align: inherit;\">Politique en mati\u00e8re de cookies<\/span><\/span><\/h1>\n<p><span style=\"vertical-align: inherit;\"><span style=\"vertical-align: inherit;\">Date d&rsquo;entr\u00e9e en vigueur : 18 juin 2024 <\/span><\/span><br \/>\n<span style=\"vertical-align: inherit;\"><span style=\"vertical-align: inherit;\">Derni\u00e8re mise \u00e0 jour : 18 juin 2024<\/span><\/span><\/p>\n<h5><span style=\"vertical-align: inherit;\"><span style=\"vertical-align: inherit;\">Que sont les cookies ?<\/span><\/span><\/h5>\n<div class=\"cookie-policy-p\">\n<p><span style=\"vertical-align: inherit;\"><span style=\"vertical-align: inherit;\">Cette politique en mati\u00e8re de cookies explique ce que sont les cookies et comment nous les utilisons, les types de cookies que nous utilisons, c&rsquo;est-\u00e0-dire les informations que nous collectons \u00e0 l&rsquo;aide des cookies et comment ces informations sont utilis\u00e9es, et comment g\u00e9rer les param\u00e8tres des cookies.<\/span><\/span><\/p>\n<p><span style=\"vertical-align: inherit;\"><span style=\"vertical-align: inherit;\">Les cookies sont de petits fichiers texte utilis\u00e9s pour stocker de petites informations. Ils sont stock\u00e9s sur votre appareil lorsque le site Internet est charg\u00e9 sur votre navigateur. Ces cookies nous aident \u00e0 faire fonctionner le site Web correctement, \u00e0 le rendre plus s\u00e9curis\u00e9, \u00e0 offrir une meilleure exp\u00e9rience utilisateur, \u00e0 comprendre les performances du site Web et \u00e0 analyser ce qui fonctionne et o\u00f9 il doit \u00eatre am\u00e9lior\u00e9.<\/span><\/span><\/p>\n<\/div>\n<h5><span style=\"vertical-align: inherit;\"><span style=\"vertical-align: inherit;\">Comment utilisons-nous les cookies ?<\/span><\/span><\/h5>\n<div class=\"cookie-policy-p\">\n<p><span style=\"vertical-align: inherit;\"><span style=\"vertical-align: inherit;\">Comme la plupart des services en ligne, notre site Web utilise des cookies propri\u00e9taires et tiers \u00e0 plusieurs fins. Les cookies de premi\u00e8re partie sont pour la plupart n\u00e9cessaires au bon fonctionnement du site Web et ils ne collectent aucune de vos donn\u00e9es personnelles identifiables.<\/span><\/span><\/p>\n<p><span style=\"vertical-align: inherit;\"><span style=\"vertical-align: inherit;\">Les cookies tiers utilis\u00e9s sur notre site Web servent principalement \u00e0 comprendre les performances du site Web, la fa\u00e7on dont vous interagissez avec notre site Web, \u00e0 assurer la s\u00e9curit\u00e9 de nos services, \u00e0 fournir des publicit\u00e9s qui vous int\u00e9ressent et, dans l&rsquo;ensemble, \u00e0 vous offrir un utilisateur meilleur et am\u00e9lior\u00e9. exp\u00e9rience et vous aider \u00e0 acc\u00e9l\u00e9rer vos futures interactions avec notre site Web.<\/span><\/span><\/p>\n<\/div>\n<h5><span style=\"vertical-align: inherit;\"><span style=\"vertical-align: inherit;\">Types de cookies que nous utilisons<\/span><\/span><\/h5>\n<div class=\"cky-audit-table-element\"><\/div>\n<h5><span style=\"vertical-align: inherit;\"><span style=\"vertical-align: inherit;\">G\u00e9rer les pr\u00e9f\u00e9rences en mati\u00e8re de cookies<\/span><\/span><\/h5>\n<p><a class=\"cky-banner-element\"><span style=\"vertical-align: inherit;\"><span style=\"vertical-align: inherit;\">Param\u00e8tres des cookies<\/span><\/span><\/a><\/p>\n<div>\n<p><span style=\"vertical-align: inherit;\"><span style=\"vertical-align: inherit;\">Vous pouvez modifier vos pr\u00e9f\u00e9rences en mati\u00e8re de cookies \u00e0 tout moment en cliquant sur le bouton ci-dessus. Cela vous permettra de revoir la banni\u00e8re de consentement aux cookies et de modifier vos pr\u00e9f\u00e9rences ou de retirer votre consentement imm\u00e9diatement.<\/span><\/span><\/p>\n<p><span style=\"vertical-align: inherit;\"><span style=\"vertical-align: inherit;\">En plus de cela, diff\u00e9rents navigateurs proposent diff\u00e9rentes m\u00e9thodes pour bloquer et supprimer les cookies utilis\u00e9s par les sites Web. Vous pouvez modifier les param\u00e8tres de votre navigateur pour bloquer\/supprimer les cookies. Vous trouverez ci-dessous les liens vers les documents d&rsquo;assistance sur la fa\u00e7on de g\u00e9rer et de supprimer les cookies des principaux navigateurs Web.<\/span><\/span><\/p>\n<p><span style=\"vertical-align: inherit;\"><span style=\"vertical-align: inherit;\">Chrome\u00a0:\u00a0 <\/span><\/span><a href=\"https:\/\/support.google.com\/accounts\/answer\/32050\" target=\"_blank\" rel=\"noopener\"><span style=\"vertical-align: inherit;\"><span style=\"vertical-align: inherit;\">https:\/\/support.google.com\/accounts\/answer\/32050<\/span><\/span><\/a><\/p>\n<p><span style=\"vertical-align: inherit;\"><span style=\"vertical-align: inherit;\">Safari\u00a0:\u00a0 <\/span><\/span><a href=\"https:\/\/support.apple.com\/en-in\/guide\/safari\/sfri11471\/mac\" target=\"_blank\" rel=\"noopener\"><span style=\"vertical-align: inherit;\"><span style=\"vertical-align: inherit;\">https:\/\/support.apple.com\/en-in\/guide\/safari\/sfri11471\/mac<\/span><\/span><\/a><\/p>\n<p><span style=\"vertical-align: inherit;\"><span style=\"vertical-align: inherit;\">Firefox\u00a0:\u00a0 <\/span><\/span><a href=\"https:\/\/support.mozilla.org\/en-US\/kb\/clear-cookies-and-site-data-firefox?redirectslug=delete-cookies-remove-info-websites-stored&amp;redirectlocale=en-US\" target=\"_blank\" rel=\"noopener\"><span style=\"vertical-align: inherit;\"><span style=\"vertical-align: inherit;\">https:\/\/support.mozilla.org\/en-US\/kb\/clear-cookies-and-site-data-firefox?redirectslug=delete-cookies-remove-info-websites-stored&amp;redirectlocale=en-US<\/span><\/span><\/a><\/p>\n<p><span style=\"vertical-align: inherit;\"><span style=\"vertical-align: inherit;\">Internet Explorer\u00a0:\u00a0 <\/span><\/span><a href=\"https:\/\/support.microsoft.com\/en-us\/topic\/how-to-delete-cookie-files-in-internet-explorer-bca9446f-d873-78de-77ba-d42645fa52fc\" target=\"_blank\" rel=\"noopener\"><span style=\"vertical-align: inherit;\"><span style=\"vertical-align: inherit;\">https:\/\/support.microsoft.com\/en-us\/topic\/how-to-delete-cookie-files-in-internet-explorer-bca9446f-d873-78de-77ba-d42645fa52fc<\/span><\/span><\/a><\/p>\n<p><span style=\"vertical-align: inherit;\"><span style=\"vertical-align: inherit;\">Si vous utilisez un autre navigateur Web, veuillez consulter les documents d&rsquo;assistance officiels de votre navigateur.<\/span><\/span><\/p>\n<\/div>\n<p class=\"cookie-policy-p\"><span style=\"vertical-align: inherit;\"><span style=\"vertical-align: inherit;\">Politique de cookies g\u00e9n\u00e9r\u00e9e par\u00a0 <\/span><\/span><a href=\"https:\/\/www.cookieyes.com\/?utm_source=CP&amp;utm_medium=footer&amp;utm_campaign=UW\" target=\"_blank\" rel=\"noopener\"><span style=\"vertical-align: inherit;\"><span style=\"vertical-align: inherit;\">CookieYes &#8211; G\u00e9n\u00e9rateur de politique de cookies<\/span><\/span><\/a><span style=\"vertical-align: inherit;\"><span style=\"vertical-align: inherit;\"> .<\/span><\/span><\/p>\n<\/div><\/div><\/div><\/div><\/div>\n","protected":false},"excerpt":{"rendered":"","protected":false},"author":2,"featured_media":0,"parent":0,"menu_order":0,"comment_status":"closed","ping_status":"closed","template":"100-width.php","meta":{"footnotes":""},"class_list":["post-1451","page","type-page","status-publish","hentry"],"acf":[],"yoast_head":"<!-- This site is optimized with the Yoast SEO plugin v27.4 - https:\/\/yoast.com\/product\/yoast-seo-wordpress\/ -->\n<title>Cookie Policy - Auteri Fruit<\/title>\n<meta name=\"robots\" content=\"index, follow, max-snippet:-1, max-image-preview:large, max-video-preview:-1\" \/>\n<link rel=\"canonical\" href=\"https:\/\/auterifruit.it\/fr\/cookie-policy\/\" \/>\n<meta property=\"og:locale\" content=\"fr_FR\" \/>\n<meta property=\"og:type\" content=\"article\" \/>\n<meta property=\"og:title\" content=\"Cookie Policy - Auteri Fruit\" \/>\n<meta property=\"og:url\" content=\"https:\/\/auterifruit.it\/fr\/cookie-policy\/\" \/>\n<meta property=\"og:site_name\" content=\"Auteri Fruit\" \/>\n<meta property=\"article:publisher\" content=\"https:\/\/www.facebook.com\/auterifruit\" \/>\n<meta property=\"article:modified_time\" content=\"2024-06-18T13:32:38+00:00\" \/>\n<meta name=\"twitter:card\" content=\"summary_large_image\" \/>\n<meta name=\"twitter:label1\" content=\"Dur\u00e9e de lecture estim\u00e9e\" \/>\n\t<meta name=\"twitter:data1\" content=\"6 minutes\" \/>\n<script type=\"application\/ld+json\" class=\"yoast-schema-graph\">{\"@context\":\"https:\\\/\\\/schema.org\",\"@graph\":[{\"@type\":\"WebPage\",\"@id\":\"https:\\\/\\\/auterifruit.it\\\/fr\\\/cookie-policy\\\/\",\"url\":\"https:\\\/\\\/auterifruit.it\\\/fr\\\/cookie-policy\\\/\",\"name\":\"Cookie Policy - Auteri Fruit\",\"isPartOf\":{\"@id\":\"https:\\\/\\\/auterifruit.it\\\/#website\"},\"datePublished\":\"2024-06-18T13:27:43+00:00\",\"dateModified\":\"2024-06-18T13:32:38+00:00\",\"breadcrumb\":{\"@id\":\"https:\\\/\\\/auterifruit.it\\\/fr\\\/cookie-policy\\\/#breadcrumb\"},\"inLanguage\":\"fr-FR\",\"potentialAction\":[{\"@type\":\"ReadAction\",\"target\":[\"https:\\\/\\\/auterifruit.it\\\/fr\\\/cookie-policy\\\/\"]}]},{\"@type\":\"BreadcrumbList\",\"@id\":\"https:\\\/\\\/auterifruit.it\\\/fr\\\/cookie-policy\\\/#breadcrumb\",\"itemListElement\":[{\"@type\":\"ListItem\",\"position\":1,\"name\":\"Home\",\"item\":\"https:\\\/\\\/auterifruit.it\\\/fr\\\/\"},{\"@type\":\"ListItem\",\"position\":2,\"name\":\"Cookie Policy\"}]},{\"@type\":\"WebSite\",\"@id\":\"https:\\\/\\\/auterifruit.it\\\/#website\",\"url\":\"https:\\\/\\\/auterifruit.it\\\/\",\"name\":\"Auteri Fruit\",\"description\":\"\",\"potentialAction\":[{\"@type\":\"SearchAction\",\"target\":{\"@type\":\"EntryPoint\",\"urlTemplate\":\"https:\\\/\\\/auterifruit.it\\\/?s={search_term_string}\"},\"query-input\":{\"@type\":\"PropertyValueSpecification\",\"valueRequired\":true,\"valueName\":\"search_term_string\"}}],\"inLanguage\":\"fr-FR\"}]}<\/script>\n<!-- \/ Yoast SEO plugin. -->","yoast_head_json":{"title":"Cookie Policy - Auteri Fruit","robots":{"index":"index","follow":"follow","max-snippet":"max-snippet:-1","max-image-preview":"max-image-preview:large","max-video-preview":"max-video-preview:-1"},"canonical":"https:\/\/auterifruit.it\/fr\/cookie-policy\/","og_locale":"fr_FR","og_type":"article","og_title":"Cookie Policy - Auteri Fruit","og_url":"https:\/\/auterifruit.it\/fr\/cookie-policy\/","og_site_name":"Auteri Fruit","article_publisher":"https:\/\/www.facebook.com\/auterifruit","article_modified_time":"2024-06-18T13:32:38+00:00","twitter_card":"summary_large_image","twitter_misc":{"Dur\u00e9e de lecture estim\u00e9e":"6 minutes"},"schema":{"@context":"https:\/\/schema.org","@graph":[{"@type":"WebPage","@id":"https:\/\/auterifruit.it\/fr\/cookie-policy\/","url":"https:\/\/auterifruit.it\/fr\/cookie-policy\/","name":"Cookie Policy - Auteri Fruit","isPartOf":{"@id":"https:\/\/auterifruit.it\/#website"},"datePublished":"2024-06-18T13:27:43+00:00","dateModified":"2024-06-18T13:32:38+00:00","breadcrumb":{"@id":"https:\/\/auterifruit.it\/fr\/cookie-policy\/#breadcrumb"},"inLanguage":"fr-FR","potentialAction":[{"@type":"ReadAction","target":["https:\/\/auterifruit.it\/fr\/cookie-policy\/"]}]},{"@type":"BreadcrumbList","@id":"https:\/\/auterifruit.it\/fr\/cookie-policy\/#breadcrumb","itemListElement":[{"@type":"ListItem","position":1,"name":"Home","item":"https:\/\/auterifruit.it\/fr\/"},{"@type":"ListItem","position":2,"name":"Cookie Policy"}]},{"@type":"WebSite","@id":"https:\/\/auterifruit.it\/#website","url":"https:\/\/auterifruit.it\/","name":"Auteri Fruit","description":"","potentialAction":[{"@type":"SearchAction","target":{"@type":"EntryPoint","urlTemplate":"https:\/\/auterifruit.it\/?s={search_term_string}"},"query-input":{"@type":"PropertyValueSpecification","valueRequired":true,"valueName":"search_term_string"}}],"inLanguage":"fr-FR"}]}},"_links":{"self":[{"href":"https:\/\/auterifruit.it\/fr\/wp-json\/wp\/v2\/pages\/1451","targetHints":{"allow":["GET"]}}],"collection":[{"href":"https:\/\/auterifruit.it\/fr\/wp-json\/wp\/v2\/pages"}],"about":[{"href":"https:\/\/auterifruit.it\/fr\/wp-json\/wp\/v2\/types\/page"}],"author":[{"embeddable":true,"href":"https:\/\/auterifruit.it\/fr\/wp-json\/wp\/v2\/users\/2"}],"replies":[{"embeddable":true,"href":"https:\/\/auterifruit.it\/fr\/wp-json\/wp\/v2\/comments?post=1451"}],"version-history":[{"count":2,"href":"https:\/\/auterifruit.it\/fr\/wp-json\/wp\/v2\/pages\/1451\/revisions"}],"predecessor-version":[{"id":1453,"href":"https:\/\/auterifruit.it\/fr\/wp-json\/wp\/v2\/pages\/1451\/revisions\/1453"}],"wp:attachment":[{"href":"https:\/\/auterifruit.it\/fr\/wp-json\/wp\/v2\/media?parent=1451"}],"curies":[{"name":"wp","href":"https:\/\/api.w.org\/{rel}","templated":true}]}}